{"id":10007,"date":"2019-08-21T16:07:03","date_gmt":"2019-08-21T16:07:03","guid":{"rendered":"https:\/\/soleco.de\/?page_id=10007"},"modified":"2021-02-22T08:28:19","modified_gmt":"2021-02-22T08:28:19","slug":"home","status":"publish","type":"page","link":"https:\/\/soleco.de\/","title":{"rendered":"Home"},"content":{"rendered":"<p>[vc_row][vc_column][vc_empty_space height=&#8220;65px&#8220;][vc_column_text]<\/p>\n<h1 style=\"text-align: center;\">Soleco &#8211; Ihr Dach verdient Geld.<\/h1>\n<p>[\/vc_column_text][\/vc_column][\/vc_row][vc_row equal_height=&#8220;yes&#8220; content_placement=&#8220;middle&#8220; css=&#8220;.vc_custom_1568382278409{margin-top: 15px !important;}&#8220;][vc_column][vc_row_inner equal_height=&#8220;yes&#8220; content_placement=&#8220;top&#8220; gap=&#8220;35&#8243;][vc_column_inner cspt-bg-color=&#8220;light&#8220; width=&#8220;1\/3&#8243; css=&#8220;.vc_custom_1568382568764{padding-top: 15px !important;padding-right: 25px !important;padding-bottom: 15px !important;padding-left: 25px !important;}&#8220;][vc_column_text]<\/p>\n<ul>\n<li>Besprechung der M\u00f6glichkeiten.<\/li>\n<li>Ermittlung- \u00a0Einspeisepunkt f\u00fcr den Strom.<\/li>\n<\/ul>\n<p>[\/vc_column_text][vc_icon icon_fontawesome=&#8220;fa fa-file-text-o&#8220; color=&#8220;secondarycolor&#8220; size=&#8220;sm&#8220; align=&#8220;center&#8220;][\/vc_column_inner][vc_column_inner cspt-bg-color=&#8220;light&#8220; width=&#8220;1\/3&#8243; css=&#8220;.vc_custom_1568382617099{padding-top: 15px !important;padding-right: 25px !important;padding-bottom: 15px !important;padding-left: 25px !important;}&#8220;][vc_column_text]<\/p>\n<ul>\n<li>Zustandekommen eines Pachtvertrages.<\/li>\n<li>Statisches Gutachten durch die Soleco GmbH.<\/li>\n<\/ul>\n<p>[\/vc_column_text][vc_icon icon_fontawesome=&#8220;fa fa-handshake-o&#8220; color=&#8220;secondarycolor&#8220; size=&#8220;sm&#8220; align=&#8220;center&#8220;][\/vc_column_inner][vc_column_inner cspt-bg-color=&#8220;light&#8220; width=&#8220;1\/3&#8243; css=&#8220;.vc_custom_1568382629312{padding-top: 15px !important;padding-right: 25px !important;padding-bottom: 15px !important;padding-left: 25px !important;}&#8220;][vc_column_text]<\/p>\n<ul>\n<li>Planung ist abgeschlossen.<\/li>\n<li>Statik ist genehmigt.<\/li>\n<li>Photovoltaik-Anlage wird installiert.<\/li>\n<\/ul>\n<p>[\/vc_column_text][vc_icon icon_fontawesome=&#8220;fa fa-truck&#8220; color=&#8220;secondarycolor&#8220; size=&#8220;sm&#8220; align=&#8220;center&#8220; css_animation=&#8220;flipInX&#8220;][\/vc_column_inner][\/vc_row_inner][\/vc_column][\/vc_row][vc_row][vc_column][vc_row_inner cspt-bg-color=&#8220;light&#8220; css=&#8220;.vc_custom_1572625083791{padding-top: 25px !important;}&#8220;][vc_column_inner][vc_raw_html]JTNDZGl2JTIwc3R5bGUlM0QlMjJ0ZXh0LWFsaWduJTNBY2VudGVyJTNCJTIyJTNFJTNDaDElMjBzdHlsZSUzRCUyMmRpc3BsYXklM0FpbmxpbmUtYmxvY2slM0IlM0UlM0NhJTIwaHJlZiUzRCUyMmh0dHBzJTNBJTJGJTJGcHZzb2wtb25saW5lLnZhbGVudGluLXNvZnR3YXJlLmNvbSUyRiUyMyUyRiUyMiUyMHRhcmdldCUzRCUyMl9ibGFuayUyMiUzRSUzQ2ltZyUyMGNsYXNzJTNEJTIyYWxpZ25ub25lJTIwd3AtaW1hZ2UtMTAzMjclMjIlMjBzdHlsZSUzRCUyMm1hcmdpbi1ib3R0b20lM0ElMjAxMHB4JTNCJTIyJTIwc3JjJTNEJTIyaHR0cHMlM0ElMkYlMkZzb2xlY28uZGUlMkZ3cC1jb250ZW50JTJGdXBsb2FkcyUyRjIwMTklMkYxMSUyRnB2LmpwZyUyMiUyMGFsdCUzRCUyMiUyMiUyMHdpZHRoJTNEJTIyMTI0JTIyJTIwaGVpZ2h0JTNEJTIyMTI0JTIyJTIwJTJGJTNFJTNDJTJGYSUzRSUzQ2ElMjBocmVmJTNEJTIyaHR0cHMlM0ElMkYlMkZwdnNvbC1vbmxpbmUudmFsZW50aW4tc29mdHdhcmUuY29tJTJGJTIzJTJGJTIyJTIwc3R5bGUlM0QlMjJ3aGl0ZS1zcGFjZSUzQW5vd3JhcCUzQiUyMiUyMHRhcmdldCUzRCUyMl9ibGFuayUyMiUzRUlociUyMFBob3RvVm9sdGFpayUyMFJlY2huZXIlM0MlMkZhJTNFJTNDJTJGaDElM0UlM0MlMkZkaXYlM0U=[\/vc_raw_html][\/vc_column_inner][\/vc_row_inner][vc_empty_space height=&#8220;62px&#8220;][vc_row_inner gap=&#8220;30&#8243;][vc_column_inner width=&#8220;1\/3&#8243;][\/vc_column_inner][vc_column_inner width=&#8220;1\/3&#8243;][\/vc_column_inner][vc_column_inner width=&#8220;1\/3&#8243;][\/vc_column_inner][\/vc_row_inner][vc_separator color=&#8220;custom&#8220; border_width=&#8220;2&#8243; accent_color=&#8220;#107b91&#8243; css=&#8220;.vc_custom_1567706958876{margin-top: 30px !important;}&#8220;][vc_empty_space height=&#8220;45px&#8220;][\/vc_column][\/vc_row][vc_row][vc_column width=&#8220;1\/2&#8243;][vc_column_text]Ganz aktuell: Die maximale Solarleistung betrug am 29.06.2019 um 13:00 Uhr ca. 33,4 GW. Zu diesem Zeitpunkt kamen 52,4% der gesamten Stromerzeugung aus Photovoltaik. Im Juni 2019 war die Solarenergie die st\u00e4rkste Energiequelle eines Monats mit einer Erzeugung von 7,17 TWh, gefolgt von Braunkohle mit 7,02 TWh und Wind mit 6,59 TWh (Quelle: Fraunhofer ISE)[\/vc_column_text]<div  class=\"creativesplanet-ul-list cspt-ul-type-icon\"><ul><li><i class=\"cspt-globalcolor fa fa-check-circle\"><\/i> Vorhandene Fl\u00e4chen optimal nutzen.<\/li><li><i class=\"cspt-globalcolor fa fa-check-circle\"><\/i> Verl\u00e4sslichen Schutz vor Wind und Wetter.<\/li><li><i class=\"cspt-globalcolor fa fa-check-circle\"><\/i> Kosteneinsparung f\u00fcr Instandhaltung .<\/li><li><i class=\"cspt-globalcolor fa fa-check-circle\"><\/i> Zusatzertrag aus Verpachtung der Dachfl\u00e4che.<\/li><\/ul><\/div>[\/vc_column][vc_column width=&#8220;1\/2&#8243;][vc_single_image image=&#8220;10008&#8243; img_size=&#8220;full&#8220; css=&#8220;.vc_custom_1566403617030{border-top-width: 2px !important;border-right-width: 2px !important;border-bottom-width: 2px !important;border-left-width: 2px !important;border-left-color: #f96023 !important;border-right-color: #f96023 !important;border-top-color: #f96023 !important;border-bottom-color: #f96023 !important;border-radius: 2px !important;}&#8220;][\/vc_column][\/vc_row][vc_row cspt-bg-color=&#8220;light&#8220;][vc_column][vc_column_text]<\/p>\n<h1 style=\"text-align: center;\">Nachhaltig ab heute.<br \/>\nAbgesichert f\u00fcr die Zukunft.<\/h1>\n<p>[\/vc_column_text][vc_row_inner][vc_column_inner width=&#8220;1\/4&#8243;][\/vc_column_inner][vc_column_inner width=&#8220;1\/4&#8243;][\/vc_column_inner][vc_column_inner width=&#8220;1\/4&#8243;][\/vc_column_inner][vc_column_inner width=&#8220;1\/4&#8243;][\/vc_column_inner][vc_column_inner][\/vc_column_inner][\/vc_row_inner][\/vc_column][\/vc_row][vc_row][vc_column width=&#8220;1\/2&#8243;][vc_single_image image=&#8220;10012&#8243; img_size=&#8220;full&#8220; style=&#8220;vc_box_border&#8220;][\/vc_column][vc_column width=&#8220;1\/2&#8243;][vc_column_text]<\/p>\n<h1>Warum es sinnvoll ist, sich f\u00fcr Soleco zu entscheiden.<\/h1>\n<p>Wir sind ein nachhaltiges, energieeffizientes Unternehmen welches es sich zur Aufgabe gemacht hat Verantwortung zu \u00fcbernehmen. Keine Energie kann so schnell verf\u00fcgbar gemacht werden wie erneuerbare Energie. Werden Sie ein Teil der gesunden Zukunft unseres Planeten.[\/vc_column_text][vc_progress_bar values=&#8220;%5B%7B%22label%22%3A%22Energie%22%2C%22value%22%3A%2290%22%2C%22color%22%3A%22custom%22%2C%22customcolor%22%3A%22%23107b91%22%7D%2C%7B%22label%22%3A%22Nachhaltigkeit%22%2C%22value%22%3A%2280%22%2C%22color%22%3A%22custom%22%2C%22customcolor%22%3A%22%23107b91%22%7D%2C%7B%22label%22%3A%22CO2%20frei%22%2C%22value%22%3A%2270%22%2C%22color%22%3A%22custom%22%2C%22customcolor%22%3A%22%23107b91%22%7D%5D&#8220;][\/vc_column][\/vc_row][vc_row cspt-bg-color=&#8220;secondarycolor&#8220; full_width=&#8220;stretch_row&#8220; css=&#8220;.vc_custom_1567708839723{margin-top: 40px !important;margin-bottom: 40px !important;padding-top: 0px !important;padding-bottom: 0px !important;background-color: #107b91 !important;}&#8220;][vc_column cspt-bg-color=&#8220;secondarycolor&#8220;][vc_empty_space height=&#8220;100px&#8220;][\/vc_column][\/vc_row][vc_row][vc_column][vc_empty_space][\/vc_column][vc_column width=&#8220;1\/2&#8243;]<div  class=\"cspt-single-image-w cspt-single-hover-yes \"><img loading=\"lazy\" decoding=\"async\" width=\"640\" height=\"427\" src=\"https:\/\/soleco.de\/wp-content\/uploads\/2019\/08\/topelement.jpg\" class=\"cspt_vc_single_image-img attachment-full\" alt=\"\" srcset=\"https:\/\/soleco.de\/wp-content\/uploads\/2019\/08\/topelement.jpg 640w, https:\/\/soleco.de\/wp-content\/uploads\/2019\/08\/topelement-300x200.jpg 300w\" sizes=\"auto, (max-width: 640px) 100vw, 640px\" data-id=\"10023\" \/><\/div>[\/vc_column][vc_column width=&#8220;1\/2&#8243;]<div  class=\"creativesplanet-element creativesplanet-element-testimonial cspt-element-testimonial-style-3 creativesplanet-element-viewtype-carousel\" data-show=\"3\" data-columns=\"1\" data-loop=\"true\" data-autoplay=\"false\" data-center=\"false\" data-nav=\"false\" data-dots=\"true\" data-autoplayspeed=\"1000\" data-margin=\"\"><div class=\"creativesplanet-element-inner\"><div class=\"cspt-element-posts-wrapper row multi-columns-row\"><div class=\"cspt-ele cspt-testimonial-ele col-md-12\"><article class=\"creativesplanet-ele creativesplanet-ele-testimonial cspt-testimonial-style-3 cspt-testimonial-active\"><div class=\"creativesplanet-post-item\">\n\t<div class=\"creativesplanet-box-content\">\t\t\n\t\t<div class=\"creativesplanet-box-desc\">\n\t\t\t<blockquote class=\"creativesplanet-testimonial-text\"><p>&#8222;Tolles Gesamtpaket, super Beratung und support. SOLECO kann ich nur w\u00e4rmstens weiterempfehlen, es wird gehalten was versprochen wird. Wir sind sehr froh, solch einen versierten Partner in Nachhaltiger Energie f\u00fcr uns gefunden zu haben. Auch nach der erfolgreichen Abwicklung k\u00f6nnen wir uns immer noch vertrauensvoll an SOLECO wenden. Danke daf\u00fcr!.&#8220;<\/p>\n<\/blockquote>\n\t\t<\/div>\t\t\n\t\t<div class=\"creativesplanet-box-author\">\t\n\t\t    <div class=\"creativesplanet-box-img\"><div class=\"cspt-featured-wrapper\"><a href=\"https:\/\/soleco.de\/index.php\/testimonial\/kurt-muller-landwirt\/\"><img loading=\"lazy\" decoding=\"async\" width=\"150\" height=\"150\" src=\"https:\/\/soleco.de\/wp-content\/uploads\/2019\/08\/1200px-Unknown_person-150x150.jpg\" class=\"attachment-thumbnail size-thumbnail wp-post-image\" alt=\"\" srcset=\"https:\/\/soleco.de\/wp-content\/uploads\/2019\/08\/1200px-Unknown_person-150x150.jpg 150w, https:\/\/soleco.de\/wp-content\/uploads\/2019\/08\/1200px-Unknown_person-770x770.jpg 770w, https:\/\/soleco.de\/wp-content\/uploads\/2019\/08\/1200px-Unknown_person-300x300.jpg 300w\" sizes=\"auto, (max-width: 150px) 100vw, 150px\" data-id=\"10484\" \/><\/a><\/div><\/div>\t\n\t\t\t<h3 class=\"creativesplanet-box-title\">J. D.<\/h3>\t\t\t\n\t\t\t\t\t<\/div>\n\t<\/div>\t\n<\/div><\/article><\/div><\/div><\/div><!-- .creativesplanet-element-inner -->   <\/div><!-- .creativesplanet-element -->  [\/vc_column][\/vc_row][vc_row css=&#8220;.vc_custom_1566416584666{padding-top: 40px !important;}&#8220;][vc_column][vc_empty_space height=&#8220;40px&#8220;][\/vc_column][\/vc_row][vc_row full_width=&#8220;stretch_row&#8220;][vc_column width=&#8220;5\/12&#8243;][vc_btn title=&#8220;Mehr Informationen&#8220; style=&#8220;flat&#8220; link=&#8220;url:https%3A%2F%2Fsoleco.de%2Findex.php%2Fprojekte%2F|title:Projekte||&#8220;][\/vc_column][vc_column width=&#8220;3\/12&#8243;][vc_row_inner][vc_column_inner css=&#8220;.vc_custom_1567708747214{padding-top: 46px !important;padding-bottom: 102px !important;}&#8220;]<div  class=\"creativesplanet-ele creativesplanet-ele-fid creativesplanet-ele-fid-style-1 vc_custom_1567707554760\"><div class=\"cspt-fld-contents\">\r\n\t<div class=\"cspt-sbox-icon-wrapper\"><i class=\"\"><\/i><\/div>\t<h4 class=\"cspt-fid-inner\">\r\n\t\t\t\t<span\r\n\t\t\tclass\t\t\t\t  = \"cspt-number-rotate\"\r\n\t\t\tdata-appear-animation = \"animateDigits\"\r\n\t\t\tdata-from             = \"0\"\r\n\t\t\tdata-to               = \"750\"\r\n\t\t\tdata-interval         = \"5\"\r\n\t\t\tdata-before           = \"\"\r\n\t\t\tdata-before-style     = \"\"\r\n\t\t\tdata-after            = \"\"\r\n\t\t\tdata-after-style      = \"\"\r\n\t\t\t>\r\n\t\t\t\t750\t\t<\/span>\r\n\t\t<span class=\"cspt-fid-sub\">kWh<\/span>\r\n\t<\/h4>\r\n\t\t<h3 class=\"cspt-fid-title\"><span>bis zu<br><\/span><\/h3>\r\n\t<\/div><!-- .cspt-fld-contents -->\r\n\r\n<\/div>[\/vc_column_inner][\/vc_row_inner][vc_row_inner][vc_column_inner]<div  class=\"creativesplanet-ele creativesplanet-ele-fid creativesplanet-ele-fid-style-1 vc_custom_1567708399170\"><div class=\"cspt-fld-contents\">\r\n\t<div class=\"cspt-sbox-icon-wrapper\"><i class=\"\"><\/i><\/div>\t<h4 class=\"cspt-fid-inner\">\r\n\t\t\t\t<span\r\n\t\t\tclass\t\t\t\t  = \"cspt-number-rotate\"\r\n\t\t\tdata-appear-animation = \"animateDigits\"\r\n\t\t\tdata-from             = \"0\"\r\n\t\t\tdata-to               = \"25\"\r\n\t\t\tdata-interval         = \"1\"\r\n\t\t\tdata-before           = \"\"\r\n\t\t\tdata-before-style     = \"\"\r\n\t\t\tdata-after            = \"\"\r\n\t\t\tdata-after-style      = \"\"\r\n\t\t\t>\r\n\t\t\t\t25\t\t<\/span>\r\n\t\t<span class=\"cspt-fid-sub\"><span>Jahre<\/span><\/span>\r\n\t<\/h4>\r\n\t\t<h3 class=\"cspt-fid-title\"><span>Erfahrung<br><\/span><\/h3>\r\n\t<\/div><!-- .cspt-fld-contents -->\r\n\r\n<\/div>[\/vc_column_inner][\/vc_row_inner][\/vc_column][vc_column width=&#8220;4\/12&#8243;][vc_column_text]<strong>Fragen Sie nach<\/strong><\/p>\n<p>Jede Reise beginnt mit dem ersten Schritt. Sie haben Fragen? Sie kennen sich mit Solarenergie nicht aus? Photovoltaik und Einspeisepunkt sind Fremdw\u00f6rter f\u00fcr Sie? Haben Sie keine Scheu. Wir beantworten alle Ihre Fragen.[\/vc_column_text][vc_column_text]<strong>Zufriedenheit<\/strong><\/p>\n<p>Dienstleistung und Kundensupport stehen bei uns an erster Stelle. Wir sind sehr daran interessiert, da\u00df jeder Kunden die bestm\u00f6gliche Unterst\u00fctzung von uns erh\u00e4lt. Daf\u00fcr steht Soleco mit seinem Namen.[\/vc_column_text][\/vc_column][\/vc_row][vc_row cspt-bg-color=&#8220;secondarycolor&#8220; full_width=&#8220;stretch_row&#8220; css=&#8220;.vc_custom_1567708498774{margin-top: 40px !important;padding-top: 0px !important;padding-bottom: 0px !important;background-color: #107b91 !important;}&#8220;][vc_column cspt-bg-color=&#8220;secondarycolor&#8220;][vc_empty_space height=&#8220;100px&#8220;][\/vc_column][\/vc_row]<\/p>\n","protected":false},"excerpt":{"rendered":"<p>[vc_row][vc_column][vc_empty_space height=&#8220;65px&#8220;][vc_column_text] Soleco &#8211; Ihr Dach verdient Geld. [\/vc_column_text][\/vc_column][\/vc_row][vc_row equal_height=&#8220;yes&#8220; content_placement=&#8220;middle&#8220; css=&#8220;.vc_custom_1568382278409{margin-top: 15px !important;}&#8220;][vc_column][vc_row_inner equal_height=&#8220;yes&#8220; content_placement=&#8220;top&#8220; gap=&#8220;35&#8243;][vc_column_inner cspt-bg-color=&#8220;light&#8220; width=&#8220;1\/3&#8243; css=&#8220;.vc_custom_1568382568764{padding-top: 15px !important;padding-right: 25px !important;padding-bottom: 15px !important;padding-left: 25px !important;}&#8220;][vc_column_text] Besprechung der M\u00f6glichkeiten. Ermittlung- \u00a0Einspeisepunkt f\u00fcr den Strom. [\/vc_column_text][vc_icon icon_fontawesome=&#8220;fa fa-file-text-o&#8220; color=&#8220;secondarycolor&#8220; size=&#8220;sm&#8220; align=&#8220;center&#8220;][\/vc_column_inner][vc_column_inner cspt-bg-color=&#8220;light&#8220; width=&#8220;1\/3&#8243; css=&#8220;.vc_custom_1568382617099{padding-top: 15px !important;padding-right: 25px !important;padding-bottom: 15px !important;padding-left: 25px !important;}&#8220;][vc_column_text] Zustandekommen eines [&hellip;]<\/p>\n","protected":false},"author":1,"featured_media":0,"parent":0,"menu_order":0,"comment_status":"closed","ping_status":"closed","template":"","meta":{"footnotes":""},"class_list":["post-10007","page","type-page","status-publish","hentry"],"_links":{"self":[{"href":"https:\/\/soleco.de\/index.php\/wp-json\/wp\/v2\/pages\/10007","targetHints":{"allow":["GET"]}}],"collection":[{"href":"https:\/\/soleco.de\/index.php\/wp-json\/wp\/v2\/pages"}],"about":[{"href":"https:\/\/soleco.de\/index.php\/wp-json\/wp\/v2\/types\/page"}],"author":[{"embeddable":true,"href":"https:\/\/soleco.de\/index.php\/wp-json\/wp\/v2\/users\/1"}],"replies":[{"embeddable":true,"href":"https:\/\/soleco.de\/index.php\/wp-json\/wp\/v2\/comments?post=10007"}],"version-history":[{"count":114,"href":"https:\/\/soleco.de\/index.php\/wp-json\/wp\/v2\/pages\/10007\/revisions"}],"predecessor-version":[{"id":10491,"href":"https:\/\/soleco.de\/index.php\/wp-json\/wp\/v2\/pages\/10007\/revisions\/10491"}],"wp:attachment":[{"href":"https:\/\/soleco.de\/index.php\/wp-json\/wp\/v2\/media?parent=10007"}],"curies":[{"name":"wp","href":"https:\/\/api.w.org\/{rel}","templated":true}]}}